{"id":174,"date":"2023-01-27T12:30:30","date_gmt":"2023-01-27T12:30:30","guid":{"rendered":"https:\/\/bilomatrucks.com\/?post_type=product&#038;p=174"},"modified":"2023-01-31T12:28:38","modified_gmt":"2023-01-31T12:28:38","slug":"%e2%97%8b-shell-rimula-r5-le-10w30-209l","status":"publish","type":"product","link":"https:\/\/bilomatrucks.com\/sl_si\/izdelek\/%e2%97%8b-shell-rimula-r5-le-10w30-209l\/","title":{"rendered":"\u25cb SHELL RIMULA R5 LE 10W30 209L"},"content":{"rendered":"<h3>Olje, ki je zasnovano za var\u010dno porabo goriva<\/h3>\n<h4>Glavne zna\u010dilnosti:<\/h4>\n<ul>\n<li>Dokazana zmogljivost var\u010devanja z gorivom<\/li>\n<li>Zmogljivost ekonomi\u010dnosti porabe.<\/li>\n<\/ul>\n","protected":false},"excerpt":{"rendered":"<p>Olje, ki je zasnovano za var\u010dno porabo goriva Glavne zna\u010dilnosti: Dokazana zmogljivost var\u010devanja z gorivom Zmogljivost ekonomi\u010dnosti porabe.<\/p>\n","protected":false},"featured_media":175,"comment_status":"open","ping_status":"closed","template":"","meta":[],"product_cat":[17],"product_tag":[],"class_list":["post-174","product","type-product","status-publish","has-post-thumbnail","hentry","product_cat-olja"],"_links":{"self":[{"href":"https:\/\/bilomatrucks.com\/sl_si\/wp-json\/wp\/v2\/product\/174","targetHints":{"allow":["GET"]}}],"collection":[{"href":"https:\/\/bilomatrucks.com\/sl_si\/wp-json\/wp\/v2\/product"}],"about":[{"href":"https:\/\/bilomatrucks.com\/sl_si\/wp-json\/wp\/v2\/types\/product"}],"replies":[{"embeddable":true,"href":"https:\/\/bilomatrucks.com\/sl_si\/wp-json\/wp\/v2\/comments?post=174"}],"wp:featuredmedia":[{"embeddable":true,"href":"https:\/\/bilomatrucks.com\/sl_si\/wp-json\/wp\/v2\/media\/175"}],"wp:attachment":[{"href":"https:\/\/bilomatrucks.com\/sl_si\/wp-json\/wp\/v2\/media?parent=174"}],"wp:term":[{"taxonomy":"product_cat","embeddable":true,"href":"https:\/\/bilomatrucks.com\/sl_si\/wp-json\/wp\/v2\/product_cat?post=174"},{"taxonomy":"product_tag","embeddable":true,"href":"https:\/\/bilomatrucks.com\/sl_si\/wp-json\/wp\/v2\/product_tag?post=174"}],"curies":[{"name":"wp","href":"https:\/\/api.w.org\/{rel}","templated":true}]}}